{"id":17116,"date":"2023-10-08T20:18:35","date_gmt":"2023-10-08T20:18:35","guid":{"rendered":"https:\/\/www.liveop.net\/?page_id=17116"},"modified":"2023-10-08T20:18:35","modified_gmt":"2023-10-08T20:18:35","slug":"impressum","status":"publish","type":"page","link":"https:\/\/www.liveop.net\/de\/impressum\/","title":{"rendered":"Impressum"},"content":{"rendered":"<p>[vc_row top_padding=&#8220;80&#8243; bottom_padding=&#8220;120&#8243;][vc_column width=&#8220;1\/1&#8243;][vc_column_text]<strong>Firmenname<\/strong>: LIVEOP B.V.<br \/>\n<strong>Rechtsform<\/strong>: Gesellschaft mit beschr\u00e4nkter Haftung (B.V.)<br \/>\n<strong>Sitz der Gesellschaft<\/strong>: Roomweg 77, 7523 BL, Enschede, Niederlande<\/p>\n<p><strong>Kommunikation<\/strong>:<\/p>\n<ul>\n<li><strong>E-Mail<\/strong>: <a href=\"mailto:info@liveop.net\" target=\"_new\" rel=\"noopener\">info@liveop.net<\/a><\/li>\n<li><strong>Telefon<\/strong>: +31 88 0310700<\/li>\n<\/ul>\n<p><strong>Gesch\u00e4ftsf\u00fchrung<\/strong>:<\/p>\n<ul>\n<li>Herr Kay Slagman, Chief Executive Officer (CEO)<\/li>\n<li>Frau Timea Totok, Chief Financial Officer (CFO)<\/li>\n<\/ul>\n<p><strong>Registrierungen<\/strong>:<\/p>\n<ul>\n<li><strong>Handelsregister<\/strong>: Eingetragen im Handelsregister unter der Nummer 61883727<\/li>\n<li><strong>Umsatzsteuer-Identifikationsnummer<\/strong>: NL854531154B01<\/li>\n<\/ul>\n<p><strong>Haftungshinweis<\/strong>:<br \/>\nTrotz sorgf\u00e4ltiger inhaltlicher Kontrolle \u00fcbernehmen wir keine Haftung f\u00fcr die Inhalte externer Links. F\u00fcr den Inhalt der verlinkten Seiten sind ausschlie\u00dflich deren Betreiber verantwortlich.<\/p>\n<p>F\u00fcr Fragen oder Anmerkungen hinsichtlich der Inhalte und Dienste unserer Webseite wenden Sie sich bitte an die oben genannten Kontaktdaten.<\/p>\n<p>Informationen zur Verarbeitung Ihrer personenbezogenen Daten finden Sie in unserer <a href=\"https:\/\/www.liveop.net\/privacy\/\" target=\"_new\" rel=\"noopener\">Datenschutzerkl\u00e4rung<\/a>.[\/vc_column_text][\/vc_column][\/vc_row]<\/p>\n","protected":false},"excerpt":{"rendered":"<p>[vc_row top_padding=&#8220;80&#8243; bottom_padding=&#8220;120&#8243;][vc_column width=&#8220;1\/1&#8243;][vc_column_text]Firmenname: LIVEOP B.V. Rechtsform: Gesellschaft mit beschr\u00e4nkter Haftung (B.V.) Sitz der Gesellschaft: Roomweg 77, 7523 BL, Enschede, Niederlande Kommunikation: E-Mail: info@liveop.net Telefon: +31 88 0310700 Gesch\u00e4ftsf\u00fchrung: Herr Kay Slagman, Chief Executive Officer (CEO) Frau Timea Totok, Chief Financial Officer (CFO) Registrierungen: Handelsregister: Eingetragen im Handelsregister unter der Nummer 61883727 Umsatzsteuer-Identifikationsnummer: NL854531154B01 Haftungshinweis: Trotz sorgf\u00e4ltiger inhaltlicher Kontrolle \u00fcbernehmen wir keine Haftung f\u00fcr die Inhalte externer Links. F\u00fcr den Inhalt der verlinkten Seiten sind ausschlie\u00dflich deren Betreiber verantwortlich. F\u00fcr Fragen oder Anmerkungen hinsichtlich der Inhalte und Dienste unserer Webseite wenden Sie sich bitte an die oben genannten Kontaktdaten. Informationen zur Verarbeitung Ihrer personenbezogenen Daten finden Sie in unserer Datenschutzerkl\u00e4rung.[\/vc_column_text][\/vc_column][\/vc_row]<\/p>\n","protected":false},"author":7,"featured_media":0,"parent":0,"menu_order":0,"comment_status":"closed","ping_status":"closed","template":"","meta":{"inline_featured_image":false},"_links":{"self":[{"href":"https:\/\/www.liveop.net\/de\/wp-json\/wp\/v2\/pages\/17116"}],"collection":[{"href":"https:\/\/www.liveop.net\/de\/wp-json\/wp\/v2\/pages"}],"about":[{"href":"https:\/\/www.liveop.net\/de\/wp-json\/wp\/v2\/types\/page"}],"author":[{"embeddable":true,"href":"https:\/\/www.liveop.net\/de\/wp-json\/wp\/v2\/users\/7"}],"replies":[{"embeddable":true,"href":"https:\/\/www.liveop.net\/de\/wp-json\/wp\/v2\/comments?post=17116"}],"version-history":[{"count":3,"href":"https:\/\/www.liveop.net\/de\/wp-json\/wp\/v2\/pages\/17116\/revisions"}],"predecessor-version":[{"id":17123,"href":"https:\/\/www.liveop.net\/de\/wp-json\/wp\/v2\/pages\/17116\/revisions\/17123"}],"wp:attachment":[{"href":"https:\/\/www.liveop.net\/de\/wp-json\/wp\/v2\/media?parent=17116"}],"curies":[{"name":"wp","href":"https:\/\/api.w.org\/{rel}","templated":true}]}}