{"id":17000,"date":"2014-03-24T15:16:19","date_gmt":"2014-03-24T15:16:19","guid":{"rendered":"https:\/\/www.liveop.net\/stellenangebote\/"},"modified":"2023-09-11T14:58:07","modified_gmt":"2023-09-11T14:58:07","slug":"stellenangebote","status":"publish","type":"page","link":"https:\/\/www.liveop.net\/de\/stellenangebote\/","title":{"rendered":"Stellenangebote"},"content":{"rendered":"<p>[vc_row bg_color=&#8220;#f2f2f2&#8243; section_arrow=&#8220;false&#8220; top_padding=&#8220;100&#8243; bottom_padding=&#8220;100&#8243;][vc_column width=&#8220;1\/1&#8243;]<h1 class=\"headline font-inherit fontsize-xxl fontweight-inherit lh-inherit align-center transform-inherit \" style=\"margin: 0 0 20px 0;\">&gt; dotnet new job<\/h1>[\/vc_column][\/vc_row][vc_row bg_image=&#8220;15731&#8243; bg_color=&#8220;#f2f2f2&#8243; section_arrow=&#8220;false&#8220; top_padding=&#8220;150&#8243; bottom_padding=&#8220;150&#8243;][vc_column width=&#8220;1\/1&#8243;]<h1 class=\"headline font-inherit fontsize-xxl fontweight-inherit lh-inherit align-center transform-inherit \" style=\"margin: 0 0 20px 0;\"><\/h1>[\/vc_column][\/vc_row][vc_row top_padding=&#8220;80&#8243; bottom_padding=&#8220;80&#8243; bg_position=&#8220;left top&#8220;][vc_column el_class=&#8220;fontsize-s&#8220; width=&#8220;2\/3&#8243;]<h2 class=\"headline font-inherit fontsize-m fontweight-inherit lh-inherit align-left transform-inherit \" style=\"margin: 0 0 20px 0;\">Arbeiten mit Technologie und gleichzeitig zu einer sichereren Welt beitragen?<\/h2>[vc_column_text]Bei LIVEOP zu arbeiten bedeutet, Ambition, gro\u00dfes Denken, gesellschaftliches Engagement und einen Unterschied zu machen. Sind Sie unabh\u00e4ngig, unternehmerisch, qualit\u00e4tsgetrieben und kreativ? Wir w\u00fcrden Sie gerne kennenlernen![\/vc_column_text][vc_accordion][vc_accordion_tab title=&#8220;Full-Stack-Entwickler mit Erfahrung in .NET\/C# und Angular&#8220;][vc_column_text]M\u00f6chten Sie eine entscheidende Rolle bei der Entwicklung bahnbrechender Softwarel\u00f6sungen spielen, die einen direkten Einfluss auf den Rettungsdienst haben? F\u00fchlen Sie sich berufen, zur Verbesserung des Lebens und der Sicherheit von Menschen beizutragen? Sind Sie ein leidenschaftlicher, sprachgewandter und erfahrener Entwickler? Dann ist dies die Stellenanzeige f\u00fcr Sie.<\/p>\n<p><strong>\u00dcber uns<\/strong><\/p>\n<p>LIVEOP ist ein fortschrittliches Unternehmen, das sich der Entwicklung leistungsstarker Softwarel\u00f6sungen f\u00fcr Rettungsdienste widmet. Wir glauben an die Kraft der Technologie, um zu innovieren und zu einer sichereren Gesellschaft beizutragen.<\/p>\n<p><strong>Stellenbeschreibung<\/strong><\/p>\n<p>Als Softwareentwickler bei LIVEOP konzentrieren Sie sich haupts\u00e4chlich auf die Entwicklung komplexer Anwendungen mit Angular und .NET Core. Sie werden auch an der Erstellung von Microservices und der Arbeit mit TypeScript, NPM und NoSQL-Dokumentenspeichern beteiligt sein. Eine gute Beherrschung der niederl\u00e4ndischen Sprache und Grammatik ist f\u00fcr diese Rolle unerl\u00e4sslich.<\/p>\n<p><strong>Was suchen wir in Ihnen?<\/strong><\/p>\n<ul>\n<li>Mindestens vier Jahre Berufserfahrung mit Angular und .NET Core oder nachgewiesene F\u00e4higkeit, neue Technologien in kurzer Zeit zu erlernen<\/li>\n<li>Erfahrung mit .NET Core Microservices<\/li>\n<li>Erfahrung mit TypeScript und NPM<\/li>\n<li>Erfahrung mit NoSQL-Dokumentenspeichern<\/li>\n<li>Grundkenntnisse in SQL-Abfragen<\/li>\n<li>Vertrautheit mit benutzerdefinierten Angular-Komponenten<\/li>\n<li>Eine ausgezeichnete Beherrschung der deutschen und englischen Sprache und Grammatik.<\/li>\n<li>Bewusstsein f\u00fcr die Auswirkungen Ihrer Arbeit auf die Benutzer und die Gesellschaft<\/li>\n<li>Kundenorientierter Ansatz und ausgezeichnete Kommunikationsf\u00e4higkeiten<\/li>\n<li>Tiefe Leidenschaft oder Interesse im Bereich der Rettungsdienste<\/li>\n<li>Kein Strafregister<\/li>\n<li>F\u00e4higkeit, Probleme modular zu l\u00f6sen<\/li>\n<\/ul>\n<p><strong>Was bieten wir Ihnen?<\/strong><\/p>\n<p>Ein wettbewerbsf\u00e4higes Gehalt, flexible Arbeitszeiten, die M\u00f6glichkeit, von zu Hause aus zu arbeiten, ein inspirierendes Team von gleichgesinnten Fachleuten und die Chance, einen Unterschied in der Welt der Rettungsdienste zu machen.<\/p>\n<p>Sind Sie bereit, zu unserer Mission beizutragen? Bewerben Sie sich jetzt, indem Sie Ihren Lebenslauf und Ihr Anschreiben an [email] senden. . Wir freuen uns auf Ihre Bewerbung![\/vc_column_text][\/vc_accordion_tab][\/vc_accordion][\/vc_column][vc_column width=&#8220;1\/3&#8243;][vc_column_text]<\/p>\n<h6><strong>Warum bei LIVEOP arbeiten<\/strong>?<\/h6>\n<p>LIVEOP ist eine erfolgreiche und wachsende Organisation. Wir sind darauf ausgerichtet, hochwertige Dienstleistungen und Produkte zu liefern, die die Arbeitsweise unserer Kunden transformieren. Wir f\u00f6rdern Innovation, pflegen Kreativit\u00e4t und sch\u00e4tzen die einzigartigen Beitr\u00e4ge jedes Mitglieds unseres Teams. Wenn Sie nach einer herausfordernden und anregenden Umgebung suchen, in der Sie wachsen und Ihre Leidenschaft f\u00fcr Technologie f\u00f6rdern k\u00f6nnen, dann ist LIVEOP der richtige Ort f\u00fcr Sie.<\/p>\n<p>LIVEOP ist ein Arbeitgeber, der Chancengleichheit bietet. Wir ermutigen alle qualifizierten Kandidaten, sich zu bewerben, unabh\u00e4ngig von Alter, Geschlecht, Rasse, Religion, sexueller Orientierung, Geschlechtsidentit\u00e4t oder einer Behinder<\/p>\n<h6><strong>Andere Talente<\/strong>?<\/h6>\n<p>Haben Sie eine einzigartige F\u00e4higkeit oder ein Talent, das in unseren aktuellen Stellenangeboten nicht aufgef\u00fchrt ist, glauben jedoch, dass Sie trotzdem einen wertvollen Beitrag zu unserem Team leisten k\u00f6nnten? Wir w\u00fcrden gerne von Ihnen h\u00f6ren! Senden Sie uns Ihren Lebenslauf und eine kurze Beschreibung, wie Sie glauben, unser Team verst\u00e4rken zu k\u00f6nnen.[\/vc_column_text][\/vc_column][\/vc_row][vc_row text_align=&#8220;center&#8220; bottom_padding=&#8220;100&#8243;][vc_column width=&#8220;1\/1&#8243;]<div class=\"headline font-inherit fontsize-m fontweight-inherit lh-inherit align-center transform-inherit \" style=\"margin: 0 0 20px 0;\">Akquisitionen aufgrund unserer Stellenangebote sind nicht erw\u00fcnscht.<\/div><div class=\"spacer\" style=\"height: 40px;\"><\/div><a href=\"mailto:vacatures@liveop.net\" target=\"_self\" class=\"button button-appear color-3 medium \" style=\"border-radius: 2px;\"><span>Teilen Sie Ihren Lebenslauf<i class='fa fa-share'><\/i><\/span><\/a>[\/vc_column][\/vc_row]<\/p>\n","protected":false},"excerpt":{"rendered":"<p>[vc_row bg_color=&#8220;#f2f2f2&#8243; section_arrow=&#8220;false&#8220; top_padding=&#8220;100&#8243; bottom_padding=&#8220;100&#8243;][vc_column width=&#8220;1\/1&#8243;][\/vc_column][\/vc_row][vc_row bg_image=&#8220;15731&#8243; bg_color=&#8220;#f2f2f2&#8243; section_arrow=&#8220;false&#8220; top_padding=&#8220;150&#8243; bottom_padding=&#8220;150&#8243;][vc_column width=&#8220;1\/1&#8243;][\/vc_column][\/vc_row][vc_row top_padding=&#8220;80&#8243; bottom_padding=&#8220;80&#8243; bg_position=&#8220;left top&#8220;][vc_column el_class=&#8220;fontsize-s&#8220; width=&#8220;2\/3&#8243;][vc_column_text]Bei LIVEOP zu arbeiten bedeutet, Ambition, gro\u00dfes Denken, gesellschaftliches Engagement und einen Unterschied zu machen. Sind Sie unabh\u00e4ngig, unternehmerisch, qualit\u00e4tsgetrieben und kreativ? Wir w\u00fcrden Sie gerne kennenlernen![\/vc_column_text][vc_accordion][vc_accordion_tab title=&#8220;Full-Stack-Entwickler mit Erfahrung in .NET\/C# und Angular&#8220;][vc_column_text]M\u00f6chten Sie eine entscheidende Rolle bei der Entwicklung bahnbrechender Softwarel\u00f6sungen spielen, die einen direkten Einfluss auf den Rettungsdienst haben? F\u00fchlen Sie sich berufen, zur Verbesserung des Lebens und der Sicherheit von Menschen beizutragen? Sind Sie ein leidenschaftlicher, sprachgewandter und erfahrener Entwickler? Dann ist dies die Stellenanzeige f\u00fcr Sie. \u00dcber uns LIVEOP ist ein fortschrittliches Unternehmen, das sich der Entwicklung leistungsstarker Softwarel\u00f6sungen f\u00fcr Rettungsdienste widmet. Wir glauben an die Kraft der Technologie, um zu innovieren und zu einer sichereren Gesellschaft beizutragen. Stellenbeschreibung Als Softwareentwickler bei LIVEOP konzentrieren Sie sich haupts\u00e4chlich auf die Entwicklung komplexer Anwendungen mit Angular und .NET Core. Sie werden auch an der Erstellung von Microservices und der Arbeit mit TypeScript, NPM und NoSQL-Dokumentenspeichern beteiligt sein. Eine gute Beherrschung der niederl\u00e4ndischen Sprache und Grammatik ist f\u00fcr diese Rolle unerl\u00e4sslich. Was suchen wir in Ihnen? Mindestens vier Jahre Berufserfahrung mit Angular und .NET Core oder nachgewiesene F\u00e4higkeit, neue Technologien in [&hellip;]<\/p>\n","protected":false},"author":7,"featured_media":0,"parent":0,"menu_order":0,"comment_status":"open","ping_status":"open","template":"","meta":{"inline_featured_image":false},"_links":{"self":[{"href":"https:\/\/www.liveop.net\/de\/wp-json\/wp\/v2\/pages\/17000"}],"collection":[{"href":"https:\/\/www.liveop.net\/de\/wp-json\/wp\/v2\/pages"}],"about":[{"href":"https:\/\/www.liveop.net\/de\/wp-json\/wp\/v2\/types\/page"}],"author":[{"embeddable":true,"href":"https:\/\/www.liveop.net\/de\/wp-json\/wp\/v2\/users\/7"}],"replies":[{"embeddable":true,"href":"https:\/\/www.liveop.net\/de\/wp-json\/wp\/v2\/comments?post=17000"}],"version-history":[{"count":6,"href":"https:\/\/www.liveop.net\/de\/wp-json\/wp\/v2\/pages\/17000\/revisions"}],"predecessor-version":[{"id":17065,"href":"https:\/\/www.liveop.net\/de\/wp-json\/wp\/v2\/pages\/17000\/revisions\/17065"}],"wp:attachment":[{"href":"https:\/\/www.liveop.net\/de\/wp-json\/wp\/v2\/media?parent=17000"}],"curies":[{"name":"wp","href":"https:\/\/api.w.org\/{rel}","templated":true}]}}