{"id":16955,"date":"2023-05-30T13:12:14","date_gmt":"2023-05-30T13:12:14","guid":{"rendered":"https:\/\/www.liveop.net\/support\/"},"modified":"2023-09-11T14:59:40","modified_gmt":"2023-09-11T14:59:40","slug":"support","status":"publish","type":"page","link":"https:\/\/www.liveop.net\/de\/support\/","title":{"rendered":"Support"},"content":{"rendered":"<p>[vc_row type=&#8220;full_width_section&#8220; bg_position=&#8220;left top&#8220;][vc_column width=&#8220;1\/1&#8243;]<div class=\"single_image wpb_content_element align-center    \" data-animation=\"none\" data-delay=\"0\"><img width=\"2560\" height=\"941\" src=\"\/wp-content\/uploads\/2023\/06\/support.jpeg\" class=\"attachment-full\" alt=\"\" decoding=\"async\" loading=\"lazy\" srcset=\"\/wp-content\/uploads\/2023\/06\/support.jpeg 2560w, \/wp-content\/uploads\/2023\/06\/support-300x110.jpeg 300w, \/wp-content\/uploads\/2023\/06\/support-1024x376.jpeg 1024w, \/wp-content\/uploads\/2023\/06\/support-768x282.jpeg 768w, \/wp-content\/uploads\/2023\/06\/support-1536x565.jpeg 1536w, \/wp-content\/uploads\/2023\/06\/support-2048x753.jpeg 2048w\" sizes=\"(max-width: 2560px) 100vw, 2560px\" \/><\/div>[\/vc_column][\/vc_row][vc_row top_padding=&#8220;80&#8243; bottom_padding=&#8220;40&#8243;][vc_column text_align=&#8220;center&#8220; width=&#8220;1\/4&#8243;][\/vc_column][vc_column width=&#8220;1\/2&#8243;]<h1 class=\"headline font-inherit fontsize-xxxl fontweight-500 lh-inherit align-center transform-uppercase \" style=\"margin: 0 0 20px 0;\">Hilfe und Unterst\u00fctzung<\/h1><h1 class=\"headline font-inherit fontsize-m fontweight-inherit lh-inherit align-center transform-inherit \" style=\"margin: 0 0 0 0;\">Unser Ziel ist es, sicherzustellen, dass Sie das Beste aus Ihrer LIVEOP-Erfahrung herausholen. Wir wissen, dass es Momente geben kann, in denen Sie Hilfe ben\u00f6tigen oder Fragen zu unserer Plattform haben. Wir sind hier, um Ihnen zu helfen.<\/h1>[\/vc_column][vc_column width=&#8220;1\/4&#8243;][\/vc_column][\/vc_row][vc_row bg_color=&#8220;#ffffff&#8220; section_arrow=&#8220;false&#8220; top_padding=&#8220;80&#8243; bottom_padding=&#8220;60&#8243; class=&#8220;fontsize-s&#8220; bg_position=&#8220;left top&#8220;][vc_column el_class=&#8220;lang-nl&#8220; width=&#8220;1\/2&#8243;]<h2 class=\"headline font-special fontsize-m fontweight-700 lh-inherit align-left transform-uppercase \" style=\"margin: 0 0 20px 0;\">Kennisbank<\/h2>[vc_column_text]Bevor Sie Kontakt mit uns aufnehmen, empfehlen wir Ihnen, einen Blick in unsere <a href=\"https:\/\/support.liveop.net\/\" target=\"_blank\" rel=\"noopener\">LIVEOP-Wissensdatenbank<\/a> zu werfen. Hier finden Sie detaillierte Dokumentationen und Anleitungen, die Ihnen bei der L\u00f6sung h\u00e4ufig auftretender Probleme und Fragen helfen k\u00f6nnen.[\/vc_column_text][\/vc_column][vc_column width=&#8220;1\/2&#8243;]<h2 class=\"headline font-special fontsize-m fontweight-700 lh-inherit align-left transform-uppercase \" style=\"margin: 0 0 20px 0;\">Kontakt aufnehmen<\/h2>[vc_column_text]Wir sind da, um Ihnen pers\u00f6nlich zu helfen. Bitte stellen Sie vorab sicher, dass Ihre Organisation Sie als berechtigte Kontaktperson f\u00fcr die LIVEOP-Supportdienste angemeldet hat. Unser engagiertes Support-Team ist per E-Mail unter <a href=\"mailto:support@liveop.net\" target=\"_new\" rel=\"noopener\">support@liveop.net<\/a> erreichbar. Wir stehen bereit, Ihnen bei jeder Frage oder jedem Problem, das Sie haben, zu helfen.[\/vc_column_text]<div class=\"headline font-special fontsize-s fontweight-700 lh-inherit align-left transform-uppercase lang-nl\" style=\"margin: 0 0 -20px 0; color: #999999;\">TELEFONISCHE SUPPORT<\/div><div class=\"headline font-special fontsize-xxxxl fontweight-700 lh-inherit align-left transform-uppercase lang-nl\" style=\"margin: 0; color: #ff3533;\">+31 88 0310707<\/div>[\/vc_column][\/vc_row]<\/p>\n","protected":false},"excerpt":{"rendered":"<p>[vc_row type=&#8220;full_width_section&#8220; bg_position=&#8220;left top&#8220;][vc_column width=&#8220;1\/1&#8243;][\/vc_column][\/vc_row][vc_row top_padding=&#8220;80&#8243; bottom_padding=&#8220;40&#8243;][vc_column text_align=&#8220;center&#8220; width=&#8220;1\/4&#8243;][\/vc_column][vc_column width=&#8220;1\/2&#8243;][\/vc_column][vc_column width=&#8220;1\/4&#8243;][\/vc_column][\/vc_row][vc_row bg_color=&#8220;#ffffff&#8220; section_arrow=&#8220;false&#8220; top_padding=&#8220;80&#8243; bottom_padding=&#8220;60&#8243; class=&#8220;fontsize-s&#8220; bg_position=&#8220;left top&#8220;][vc_column el_class=&#8220;lang-nl&#8220; width=&#8220;1\/2&#8243;][vc_column_text]Bevor Sie Kontakt mit uns aufnehmen, empfehlen wir Ihnen, einen Blick in unsere LIVEOP-Wissensdatenbank zu werfen. Hier finden Sie detaillierte Dokumentationen und Anleitungen, die Ihnen bei der L\u00f6sung h\u00e4ufig auftretender Probleme und Fragen helfen k\u00f6nnen.[\/vc_column_text][\/vc_column][vc_column width=&#8220;1\/2&#8243;][vc_column_text]Wir sind da, um Ihnen pers\u00f6nlich zu helfen. Bitte stellen Sie vorab sicher, dass Ihre Organisation Sie als berechtigte Kontaktperson f\u00fcr die LIVEOP-Supportdienste angemeldet hat. Unser engagiertes Support-Team ist per E-Mail unter support@liveop.net erreichbar. Wir stehen bereit, Ihnen bei jeder Frage oder jedem Problem, das Sie haben, zu helfen.[\/vc_column_text][\/vc_column][\/vc_row]<\/p>\n","protected":false},"author":7,"featured_media":0,"parent":0,"menu_order":0,"comment_status":"open","ping_status":"closed","template":"","meta":{"inline_featured_image":false},"_links":{"self":[{"href":"https:\/\/www.liveop.net\/de\/wp-json\/wp\/v2\/pages\/16955"}],"collection":[{"href":"https:\/\/www.liveop.net\/de\/wp-json\/wp\/v2\/pages"}],"about":[{"href":"https:\/\/www.liveop.net\/de\/wp-json\/wp\/v2\/types\/page"}],"author":[{"embeddable":true,"href":"https:\/\/www.liveop.net\/de\/wp-json\/wp\/v2\/users\/7"}],"replies":[{"embeddable":true,"href":"https:\/\/www.liveop.net\/de\/wp-json\/wp\/v2\/comments?post=16955"}],"version-history":[{"count":6,"href":"https:\/\/www.liveop.net\/de\/wp-json\/wp\/v2\/pages\/16955\/revisions"}],"predecessor-version":[{"id":17067,"href":"https:\/\/www.liveop.net\/de\/wp-json\/wp\/v2\/pages\/16955\/revisions\/17067"}],"wp:attachment":[{"href":"https:\/\/www.liveop.net\/de\/wp-json\/wp\/v2\/media?parent=16955"}],"curies":[{"name":"wp","href":"https:\/\/api.w.org\/{rel}","templated":true}]}}